{"id":1087,"date":"2023-09-04T15:56:50","date_gmt":"2023-09-04T13:56:50","guid":{"rendered":"https:\/\/jeromesportsante.fr\/?page_id=1087"},"modified":"2023-09-06T10:16:07","modified_gmt":"2023-09-06T08:16:07","slug":"le-parcours-sante-du-bois-de-vincennes","status":"publish","type":"page","link":"https:\/\/jeromesportsante.fr\/index.php\/le-parcours-sante-du-bois-de-vincennes\/","title":{"rendered":"Le parcours sant\u00e9 du bois de Vincennes"},"content":{"rendered":"\t\t<div data-elementor-type=\"wp-page\" data-elementor-id=\"1087\" class=\"elementor elementor-1087\">\n\t\t\t\t\t\t\t\t\t<section class=\"elementor-section elementor-top-section elementor-element elementor-element-811e9f3 elementor-section-boxed elementor-section-height-default elementor-section-height-default\" data-id=\"811e9f3\" data-element_type=\"section\" data-settings=\"{&quot;background_background&quot;:&quot;classic&quot;}\">\n\t\t\t\t\t\t<div class=\"elementor-container elementor-column-gap-default\">\n\t\t\t\t\t<div class=\"elementor-column elementor-col-100 elementor-top-column elementor-element elementor-element-8e057f1\" data-id=\"8e057f1\" data-element_type=\"column\">\n\t\t\t<div class=\"elementor-widget-wrap elementor-element-populated\">\n\t\t\t\t\t\t\t\t<div class=\"elementor-element elementor-element-39ae905 elementor-widget elementor-widget-heading\" data-id=\"39ae905\" data-element_type=\"widget\" data-widget_type=\"heading.default\">\n\t\t\t\t<div class=\"elementor-widget-container\">\n\t\t\t<style>\/*! elementor - v3.13.3 - 28-05-2023 *\/\n.elementor-heading-title{padding:0;margin:0;line-height:1}.elementor-widget-heading .elementor-heading-title[class*=elementor-size-]>a{color:inherit;font-size:inherit;line-height:inherit}.elementor-widget-heading .elementor-heading-title.elementor-size-small{font-size:15px}.elementor-widget-heading .elementor-heading-title.elementor-size-medium{font-size:19px}.elementor-widget-heading .elementor-heading-title.elementor-size-large{font-size:29px}.elementor-widget-heading .elementor-heading-title.elementor-size-xl{font-size:39px}.elementor-widget-heading .elementor-heading-title.elementor-size-xxl{font-size:59px}<\/style><h2 class=\"elementor-heading-title elementor-size-default\">Le parcours sant\u00e9 du bois de Vincennes<\/h2>\t\t<\/div>\n\t\t\t\t<\/div>\n\t\t\t\t\t<\/div>\n\t\t<\/div>\n\t\t\t\t\t\t\t<\/div>\n\t\t<\/section>\n\t\t\t\t<section class=\"elementor-section elementor-top-section elementor-element elementor-element-e6fac5f elementor-section-boxed elementor-section-height-default elementor-section-height-default\" data-id=\"e6fac5f\" data-element_type=\"section\" data-settings=\"{&quot;background_background&quot;:&quot;classic&quot;}\">\n\t\t\t\t\t\t<div class=\"elementor-container elementor-column-gap-default\">\n\t\t\t\t\t<div class=\"elementor-column elementor-col-50 elementor-top-column elementor-element elementor-element-6feba88\" data-id=\"6feba88\" data-element_type=\"column\">\n\t\t\t<div class=\"elementor-widget-wrap elementor-element-populated\">\n\t\t\t\t\t\t\t\t<div class=\"elementor-element elementor-element-4c8e069 elementor-widget elementor-widget-text-editor\" data-id=\"4c8e069\" data-element_type=\"widget\" data-widget_type=\"text-editor.default\">\n\t\t\t\t<div class=\"elementor-widget-container\">\n\t\t\t<style>\/*! elementor - v3.13.3 - 28-05-2023 *\/\n.elementor-widget-text-editor.elementor-drop-cap-view-stacked .elementor-drop-cap{background-color:#69727d;color:#fff}.elementor-widget-text-editor.elementor-drop-cap-view-framed .elementor-drop-cap{color:#69727d;border:3px solid;background-color:transparent}.elementor-widget-text-editor:not(.elementor-drop-cap-view-default) .elementor-drop-cap{margin-top:8px}.elementor-widget-text-editor:not(.elementor-drop-cap-view-default) .elementor-drop-cap-letter{width:1em;height:1em}.elementor-widget-text-editor .elementor-drop-cap{float:left;text-align:center;line-height:1;font-size:50px}.elementor-widget-text-editor .elementor-drop-cap-letter{display:inline-block}<\/style>\t\t\t\t<p>Venez d\u00e9couvrir un parcours de la forme dans le jardin d&rsquo;Agronomie tropical Ren\u00e9-Dumont qui jouxte le bois de Vincennes. Je vous propose de me suivre en ballade sportive dans un cadre \u00e0 l&rsquo;ambiance zen.<\/p><p>Le parcours, adapt\u00e9 \u00e0 chaque pratiquant, est ponctu\u00e9 d&rsquo;exercices de renforcement musculaire et cardio-respiratoire. Des jeux d&rsquo;\u00e9quilibre sont aussi propos\u00e9s !<\/p><p>Dur\u00e9e : 1 heure<\/p><p><span style=\"color: #ffdead;\">Convient \u00e0 tous les niveaux ! <\/span><\/p><p>Contactez-moi pour plus d&rsquo;informations et pour la r\u00e9servation de cr\u00e9neaux.<\/p><p>Venez nombreux !<\/p>\t\t\t\t\t\t<\/div>\n\t\t\t\t<\/div>\n\t\t\t\t\t<\/div>\n\t\t<\/div>\n\t\t\t\t<div class=\"elementor-column elementor-col-50 elementor-top-column elementor-element elementor-element-c59de88\" data-id=\"c59de88\" data-element_type=\"column\">\n\t\t\t<div class=\"elementor-widget-wrap elementor-element-populated\">\n\t\t\t\t\t\t\t\t<div class=\"elementor-element elementor-element-4e25223 elementor-widget elementor-widget-image\" data-id=\"4e25223\" data-element_type=\"widget\" data-widget_type=\"image.default\">\n\t\t\t\t<div class=\"elementor-widget-container\">\n\t\t\t<style>\/*! elementor - v3.13.3 - 28-05-2023 *\/\n.elementor-widget-image{text-align:center}.elementor-widget-image a{display:inline-block}.elementor-widget-image a img[src$=\".svg\"]{width:48px}.elementor-widget-image img{vertical-align:middle;display:inline-block}<\/style>\t\t\t\t\t\t\t\t\t\t\t\t<img decoding=\"async\" loading=\"lazy\" width=\"820\" height=\"350\" src=\"https:\/\/jeromesportsante.fr\/wp-content\/uploads\/2023\/09\/jardin-d-agronomie-tropicale.jpg\" class=\"attachment-large size-large wp-image-1106\" alt=\"\" srcset=\"https:\/\/jeromesportsante.fr\/wp-content\/uploads\/2023\/09\/jardin-d-agronomie-tropicale.jpg 820w, https:\/\/jeromesportsante.fr\/wp-content\/uploads\/2023\/09\/jardin-d-agronomie-tropicale-300x128.jpg 300w, https:\/\/jeromesportsante.fr\/wp-content\/uploads\/2023\/09\/jardin-d-agronomie-tropicale-768x328.jpg 768w\" sizes=\"(max-width: 820px) 100vw, 820px\" \/>\t\t\t\t\t\t\t\t\t\t\t\t\t\t\t<\/div>\n\t\t\t\t<\/div>\n\t\t\t\t\t<\/div>\n\t\t<\/div>\n\t\t\t\t\t\t\t<\/div>\n\t\t<\/section>\n\t\t\t\t\t\t\t<\/div>\n\t\t","protected":false},"excerpt":{"rendered":"<p>Le parcours sant\u00e9 du bois de Vincennes Venez d\u00e9couvrir un parcours de la forme dans le jardin d&rsquo;Agronomie tropical Ren\u00e9-Dumont qui jouxte le bois de Vincennes. Je vous propose de me suivre en ballade sportive dans un cadre \u00e0 l&rsquo;ambiance zen. Le parcours, adapt\u00e9 \u00e0 chaque pratiquant, est ponctu\u00e9 d&rsquo;exercices de renforcement musculaire et cardio-respiratoire. &hellip;<\/p>\n<p class=\"read-more\"> <a class=\"\" href=\"https:\/\/jeromesportsante.fr\/index.php\/le-parcours-sante-du-bois-de-vincennes\/\"> <span class=\"screen-reader-text\">Le parcours sant\u00e9 du bois de Vincennes<\/span> Lire la suite\u00a0\u00bb<\/a><\/p>\n","protected":false},"author":1,"featured_media":0,"parent":0,"menu_order":0,"comment_status":"closed","ping_status":"closed","template":"","meta":{"_uag_custom_page_level_css":"","site-sidebar-layout":"no-sidebar","site-content-layout":"page-builder","ast-global-header-display":"","ast-banner-title-visibility":"","ast-main-header-display":"","ast-hfb-above-header-display":"","ast-hfb-below-header-display":"","ast-hfb-mobile-header-display":"","site-post-title":"disabled","ast-breadcrumbs-content":"","ast-featured-img":"disabled","footer-sml-layout":"","theme-transparent-header-meta":"","adv-header-id-meta":"","stick-header-meta":"","header-above-stick-meta":"","header-main-stick-meta":"","header-below-stick-meta":"","footnotes":""},"uagb_featured_image_src":{"full":false,"thumbnail":false,"medium":false,"medium_large":false,"large":false,"1536x1536":false,"2048x2048":false},"uagb_author_info":{"display_name":"J\u00e9r\u00f4me","author_link":"https:\/\/jeromesportsante.fr\/author\/boy103gmail-com\/"},"uagb_comment_info":0,"uagb_excerpt":"Le parcours sant\u00e9 du bois de Vincennes Venez d\u00e9couvrir un parcours de la forme dans le jardin d&rsquo;Agronomie tropical Ren\u00e9-Dumont qui jouxte le bois de Vincennes. Je vous propose de me suivre en ballade sportive dans un cadre \u00e0 l&rsquo;ambiance zen. Le parcours, adapt\u00e9 \u00e0 chaque pratiquant, est ponctu\u00e9 d&rsquo;exercices de renforcement musculaire et cardio-respiratoire.\u2026","_links":{"self":[{"href":"https:\/\/jeromesportsante.fr\/index.php\/wp-json\/wp\/v2\/pages\/1087"}],"collection":[{"href":"https:\/\/jeromesportsante.fr\/index.php\/wp-json\/wp\/v2\/pages"}],"about":[{"href":"https:\/\/jeromesportsante.fr\/index.php\/wp-json\/wp\/v2\/types\/page"}],"author":[{"embeddable":true,"href":"https:\/\/jeromesportsante.fr\/index.php\/wp-json\/wp\/v2\/users\/1"}],"replies":[{"embeddable":true,"href":"https:\/\/jeromesportsante.fr\/index.php\/wp-json\/wp\/v2\/comments?post=1087"}],"version-history":[{"count":20,"href":"https:\/\/jeromesportsante.fr\/index.php\/wp-json\/wp\/v2\/pages\/1087\/revisions"}],"predecessor-version":[{"id":1188,"href":"https:\/\/jeromesportsante.fr\/index.php\/wp-json\/wp\/v2\/pages\/1087\/revisions\/1188"}],"wp:attachment":[{"href":"https:\/\/jeromesportsante.fr\/index.php\/wp-json\/wp\/v2\/media?parent=1087"}],"curies":[{"name":"wp","href":"https:\/\/api.w.org\/{rel}","templated":true}]}}