{"id":122,"date":"2023-06-06T15:51:08","date_gmt":"2023-06-06T13:51:08","guid":{"rendered":"https:\/\/jeromesportsante.fr\/?page_id=122"},"modified":"2023-09-06T12:05:43","modified_gmt":"2023-09-06T10:05:43","slug":"les-lieux-de-pratique","status":"publish","type":"page","link":"https:\/\/jeromesportsante.fr\/index.php\/les-lieux-de-pratique\/","title":{"rendered":"Les lieux de pratique"},"content":{"rendered":"\t\t<div data-elementor-type=\"wp-page\" data-elementor-id=\"122\" class=\"elementor elementor-122\">\n\t\t\t\t\t\t\t\t\t<section class=\"elementor-section elementor-top-section elementor-element elementor-element-hrrboo4 elementor-section-content-middle elementor-section-boxed elementor-section-height-default elementor-section-height-default\" data-id=\"hrrboo4\" data-element_type=\"section\" data-settings=\"{&quot;background_background&quot;:&quot;classic&quot;}\">\n\t\t\t\t\t\t\t<div class=\"elementor-background-overlay\"><\/div>\n\t\t\t\t\t\t\t<div class=\"elementor-container elementor-column-gap-no\">\n\t\t\t\t\t<div class=\"elementor-column elementor-col-50 elementor-top-column elementor-element elementor-element-05c2928\" data-id=\"05c2928\" data-element_type=\"column\" data-settings=\"{&quot;background_background&quot;:&quot;classic&quot;}\">\n\t\t\t<div class=\"elementor-widget-wrap elementor-element-populated\">\n\t\t\t\t\t\t\t\t<div class=\"elementor-element elementor-element-85cbfc5 elementor-widget elementor-widget-image\" data-id=\"85cbfc5\" data-element_type=\"widget\" data-widget_type=\"image.default\">\n\t\t\t\t<div class=\"elementor-widget-container\">\n\t\t\t<style>\/*! elementor - v3.13.3 - 28-05-2023 *\/\n.elementor-widget-image{text-align:center}.elementor-widget-image a{display:inline-block}.elementor-widget-image a img[src$=\".svg\"]{width:48px}.elementor-widget-image img{vertical-align:middle;display:inline-block}<\/style>\t\t\t\t\t\t\t\t\t\t\t\t<img decoding=\"async\" loading=\"lazy\" width=\"768\" height=\"1024\" src=\"https:\/\/jeromesportsante.fr\/wp-content\/uploads\/2023\/08\/IMG-20230810-WA0004.jpg\" class=\"attachment-full size-full wp-image-1042\" alt=\"\" srcset=\"https:\/\/jeromesportsante.fr\/wp-content\/uploads\/2023\/08\/IMG-20230810-WA0004.jpg 768w, https:\/\/jeromesportsante.fr\/wp-content\/uploads\/2023\/08\/IMG-20230810-WA0004-225x300.jpg 225w\" sizes=\"(max-width: 768px) 100vw, 768px\" \/>\t\t\t\t\t\t\t\t\t\t\t\t\t\t\t<\/div>\n\t\t\t\t<\/div>\n\t\t\t\t<div class=\"elementor-element elementor-element-d9d2a0e elementor-widget elementor-widget-heading\" data-id=\"d9d2a0e\" data-element_type=\"widget\" data-widget_type=\"heading.default\">\n\t\t\t\t<div class=\"elementor-widget-container\">\n\t\t\t<style>\/*! elementor - v3.13.3 - 28-05-2023 *\/\n.elementor-heading-title{padding:0;margin:0;line-height:1}.elementor-widget-heading .elementor-heading-title[class*=elementor-size-]>a{color:inherit;font-size:inherit;line-height:inherit}.elementor-widget-heading .elementor-heading-title.elementor-size-small{font-size:15px}.elementor-widget-heading .elementor-heading-title.elementor-size-medium{font-size:19px}.elementor-widget-heading .elementor-heading-title.elementor-size-large{font-size:29px}.elementor-widget-heading .elementor-heading-title.elementor-size-xl{font-size:39px}.elementor-widget-heading .elementor-heading-title.elementor-size-xxl{font-size:59px}<\/style><h2 class=\"elementor-heading-title elementor-size-default\">A domicile<\/h2>\t\t<\/div>\n\t\t\t\t<\/div>\n\t\t\t\t<div class=\"elementor-element elementor-element-88781ca elementor-widget elementor-widget-text-editor\" data-id=\"88781ca\" data-element_type=\"widget\" data-widget_type=\"text-editor.default\">\n\t\t\t\t<div class=\"elementor-widget-container\">\n\t\t\t<style>\/*! elementor - v3.13.3 - 28-05-2023 *\/\n.elementor-widget-text-editor.elementor-drop-cap-view-stacked .elementor-drop-cap{background-color:#69727d;color:#fff}.elementor-widget-text-editor.elementor-drop-cap-view-framed .elementor-drop-cap{color:#69727d;border:3px solid;background-color:transparent}.elementor-widget-text-editor:not(.elementor-drop-cap-view-default) .elementor-drop-cap{margin-top:8px}.elementor-widget-text-editor:not(.elementor-drop-cap-view-default) .elementor-drop-cap-letter{width:1em;height:1em}.elementor-widget-text-editor .elementor-drop-cap{float:left;text-align:center;line-height:1;font-size:50px}.elementor-widget-text-editor .elementor-drop-cap-letter{display:inline-block}<\/style>\t\t\t\t<p>Choisissez la s\u00e9ance \u00e0 domicile, id\u00e9ale pour la gymnastique douce, le stretching et la boxe adapt\u00e9e ! Je me d\u00e9place avec tout le mat\u00e9riel n\u00e9cessaire pour une s\u00e9ance qui ne manque de rien (\u00e9lastiques, petites halt\u00e8res, gants de boxe, pattes d&rsquo;ours, plateau de proprioception, tapis&#8230;).<\/p>\t\t\t\t\t\t<\/div>\n\t\t\t\t<\/div>\n\t\t\t\t<div class=\"elementor-element elementor-element-5b404d1 elementor-align-left elementor-widget elementor-widget-button\" data-id=\"5b404d1\" data-element_type=\"widget\" data-widget_type=\"button.default\">\n\t\t\t\t<div class=\"elementor-widget-container\">\n\t\t\t\t\t<div class=\"elementor-button-wrapper\">\n\t\t\t<a href=\"https:\/\/jeromesportsante.fr\/index.php\/reservations\/\" target=\"_blank\" class=\"elementor-button-link elementor-button elementor-size-sm\" role=\"button\">\n\t\t\t\t\t\t<span class=\"elementor-button-content-wrapper\">\n\t\t\t\t\t\t<span class=\"elementor-button-text\">Je r\u00e9serve une s\u00e9ance d'essai !<\/span>\n\t\t<\/span>\n\t\t\t\t\t<\/a>\n\t\t<\/div>\n\t\t\t\t<\/div>\n\t\t\t\t<\/div>\n\t\t\t\t\t<\/div>\n\t\t<\/div>\n\t\t\t\t<div class=\"elementor-column elementor-col-50 elementor-top-column elementor-element elementor-element-31c4cbc\" data-id=\"31c4cbc\" data-element_type=\"column\" data-settings=\"{&quot;background_background&quot;:&quot;classic&quot;}\">\n\t\t\t<div class=\"elementor-widget-wrap elementor-element-populated\">\n\t\t\t\t\t\t\t\t<div class=\"elementor-element elementor-element-5ca7fe6 elementor-widget elementor-widget-image\" data-id=\"5ca7fe6\" data-element_type=\"widget\" data-widget_type=\"image.default\">\n\t\t\t\t<div class=\"elementor-widget-container\">\n\t\t\t\t\t\t\t\t\t\t\t\t\t\t\t<img decoding=\"async\" loading=\"lazy\" width=\"2560\" height=\"1922\" src=\"https:\/\/jeromesportsante.fr\/wp-content\/uploads\/2023\/08\/P1040580-scaled.jpg\" class=\"attachment-full size-full wp-image-1032\" alt=\"\" srcset=\"https:\/\/jeromesportsante.fr\/wp-content\/uploads\/2023\/08\/P1040580-scaled.jpg 2560w, https:\/\/jeromesportsante.fr\/wp-content\/uploads\/2023\/08\/P1040580-300x225.jpg 300w, https:\/\/jeromesportsante.fr\/wp-content\/uploads\/2023\/08\/P1040580-1024x769.jpg 1024w, https:\/\/jeromesportsante.fr\/wp-content\/uploads\/2023\/08\/P1040580-768x577.jpg 768w, https:\/\/jeromesportsante.fr\/wp-content\/uploads\/2023\/08\/P1040580-1536x1153.jpg 1536w, https:\/\/jeromesportsante.fr\/wp-content\/uploads\/2023\/08\/P1040580-2048x1538.jpg 2048w\" sizes=\"(max-width: 2560px) 100vw, 2560px\" \/>\t\t\t\t\t\t\t\t\t\t\t\t\t\t\t<\/div>\n\t\t\t\t<\/div>\n\t\t\t\t<div class=\"elementor-element elementor-element-804e483 elementor-widget elementor-widget-heading\" data-id=\"804e483\" data-element_type=\"widget\" data-widget_type=\"heading.default\">\n\t\t\t\t<div class=\"elementor-widget-container\">\n\t\t\t<h2 class=\"elementor-heading-title elementor-size-default\">En ext\u00e9rieur<\/h2>\t\t<\/div>\n\t\t\t\t<\/div>\n\t\t\t\t<div class=\"elementor-element elementor-element-dd399ed elementor-widget elementor-widget-text-editor\" data-id=\"dd399ed\" data-element_type=\"widget\" data-widget_type=\"text-editor.default\">\n\t\t\t\t<div class=\"elementor-widget-container\">\n\t\t\t\t\t\t\t<p>Vous avez besoin de nature et d&rsquo;espace ? Choisissez la s\u00e9ance en ext\u00e9rieur ! Je me d\u00e9place dans toutes les villes aux abords du bois de Vincennes qui est mon lieu de pratique favori ! Les jardins et parcs autour de votre domicile feront aussi d&rsquo;excellents lieux de pratique.<\/p>\t\t\t\t\t\t<\/div>\n\t\t\t\t<\/div>\n\t\t\t\t<div class=\"elementor-element elementor-element-3b2a941 elementor-align-left elementor-widget elementor-widget-button\" data-id=\"3b2a941\" data-element_type=\"widget\" data-widget_type=\"button.default\">\n\t\t\t\t<div class=\"elementor-widget-container\">\n\t\t\t\t\t<div class=\"elementor-button-wrapper\">\n\t\t\t<a href=\"https:\/\/jeromesportsante.fr\/index.php\/reservations\/\" class=\"elementor-button-link elementor-button elementor-size-sm\" role=\"button\">\n\t\t\t\t\t\t<span class=\"elementor-button-content-wrapper\">\n\t\t\t\t\t\t<span class=\"elementor-button-text\">Je r\u00e9serve une s\u00e9ance d'essai !<\/span>\n\t\t<\/span>\n\t\t\t\t\t<\/a>\n\t\t<\/div>\n\t\t\t\t<\/div>\n\t\t\t\t<\/div>\n\t\t\t\t\t<\/div>\n\t\t<\/div>\n\t\t\t\t\t\t\t<\/div>\n\t\t<\/section>\n\t\t\t\t<section class=\"elementor-section elementor-top-section elementor-element elementor-element-b7e11bb elementor-section-boxed elementor-section-height-default elementor-section-height-default\" data-id=\"b7e11bb\" data-element_type=\"section\" data-settings=\"{&quot;background_background&quot;:&quot;classic&quot;}\">\n\t\t\t\t\t\t\t<div class=\"elementor-background-overlay\"><\/div>\n\t\t\t\t\t\t\t<div class=\"elementor-container elementor-column-gap-default\">\n\t\t\t\t\t<div class=\"elementor-column elementor-col-100 elementor-top-column elementor-element elementor-element-759d057\" data-id=\"759d057\" data-element_type=\"column\">\n\t\t\t<div class=\"elementor-widget-wrap elementor-element-populated\">\n\t\t\t\t\t\t\t\t<div class=\"elementor-element elementor-element-bb66ab6 elementor-widget elementor-widget-google_maps\" data-id=\"bb66ab6\" data-element_type=\"widget\" data-widget_type=\"google_maps.default\">\n\t\t\t\t<div class=\"elementor-widget-container\">\n\t\t\t<style>\/*! elementor - v3.13.3 - 28-05-2023 *\/\n.elementor-widget-google_maps .elementor-widget-container{overflow:hidden}.elementor-widget-google_maps .elementor-custom-embed{line-height:0}.elementor-widget-google_maps iframe{height:300px}<\/style>\t\t<div class=\"elementor-custom-embed\">\n\t\t\t<iframe loading=\"lazy\"\n\t\t\t\t\tsrc=\"https:\/\/maps.google.com\/maps?q=bois%20de%20vincennes&#038;t=m&#038;z=12&#038;output=embed&#038;iwloc=near\"\n\t\t\t\t\ttitle=\"bois de vincennes\"\n\t\t\t\t\taria-label=\"bois de vincennes\"\n\t\t\t><\/iframe>\n\t\t<\/div>\n\t\t\t\t<\/div>\n\t\t\t\t<\/div>\n\t\t\t\t\t<\/div>\n\t\t<\/div>\n\t\t\t\t\t\t\t<\/div>\n\t\t<\/section>\n\t\t\t\t\t\t\t<\/div>\n\t\t","protected":false},"excerpt":{"rendered":"<p>A domicile Choisissez la s\u00e9ance \u00e0 domicile, id\u00e9ale pour la gymnastique douce, le stretching et la boxe adapt\u00e9e ! Je me d\u00e9place avec tout le mat\u00e9riel n\u00e9cessaire pour une s\u00e9ance qui ne manque de rien (\u00e9lastiques, petites halt\u00e8res, gants de boxe, pattes d&rsquo;ours, plateau de proprioception, tapis&#8230;). Je r\u00e9serve une s\u00e9ance d&rsquo;essai ! En ext\u00e9rieur &hellip;<\/p>\n<p class=\"read-more\"> <a class=\"\" href=\"https:\/\/jeromesportsante.fr\/index.php\/les-lieux-de-pratique\/\"> <span class=\"screen-reader-text\">Les lieux de pratique<\/span> Lire la suite\u00a0\u00bb<\/a><\/p>\n","protected":false},"author":1,"featured_media":0,"parent":0,"menu_order":0,"comment_status":"closed","ping_status":"closed","template":"","meta":{"_uag_custom_page_level_css":"","site-sidebar-layout":"no-sidebar","site-content-layout":"page-builder","ast-global-header-display":"","ast-banner-title-visibility":"","ast-main-header-display":"","ast-hfb-above-header-display":"","ast-hfb-below-header-display":"","ast-hfb-mobile-header-display":"","site-post-title":"disabled","ast-breadcrumbs-content":"","ast-featured-img":"disabled","footer-sml-layout":"","theme-transparent-header-meta":"","adv-header-id-meta":"","stick-header-meta":"","header-above-stick-meta":"","header-main-stick-meta":"","header-below-stick-meta":"","footnotes":""},"uagb_featured_image_src":{"full":false,"thumbnail":false,"medium":false,"medium_large":false,"large":false,"1536x1536":false,"2048x2048":false},"uagb_author_info":{"display_name":"J\u00e9r\u00f4me","author_link":"https:\/\/jeromesportsante.fr\/author\/boy103gmail-com\/"},"uagb_comment_info":0,"uagb_excerpt":"A domicile Choisissez la s\u00e9ance \u00e0 domicile, id\u00e9ale pour la gymnastique douce, le stretching et la boxe adapt\u00e9e ! Je me d\u00e9place avec tout le mat\u00e9riel n\u00e9cessaire pour une s\u00e9ance qui ne manque de rien (\u00e9lastiques, petites halt\u00e8res, gants de boxe, pattes d&rsquo;ours, plateau de proprioception, tapis&#8230;). Je r\u00e9serve une s\u00e9ance d&rsquo;essai ! En ext\u00e9rieur\u2026","_links":{"self":[{"href":"https:\/\/jeromesportsante.fr\/index.php\/wp-json\/wp\/v2\/pages\/122"}],"collection":[{"href":"https:\/\/jeromesportsante.fr\/index.php\/wp-json\/wp\/v2\/pages"}],"about":[{"href":"https:\/\/jeromesportsante.fr\/index.php\/wp-json\/wp\/v2\/types\/page"}],"author":[{"embeddable":true,"href":"https:\/\/jeromesportsante.fr\/index.php\/wp-json\/wp\/v2\/users\/1"}],"replies":[{"embeddable":true,"href":"https:\/\/jeromesportsante.fr\/index.php\/wp-json\/wp\/v2\/comments?post=122"}],"version-history":[{"count":88,"href":"https:\/\/jeromesportsante.fr\/index.php\/wp-json\/wp\/v2\/pages\/122\/revisions"}],"predecessor-version":[{"id":1236,"href":"https:\/\/jeromesportsante.fr\/index.php\/wp-json\/wp\/v2\/pages\/122\/revisions\/1236"}],"wp:attachment":[{"href":"https:\/\/jeromesportsante.fr\/index.php\/wp-json\/wp\/v2\/media?parent=122"}],"curies":[{"name":"wp","href":"https:\/\/api.w.org\/{rel}","templated":true}]}}