{"id":59,"date":"2023-06-05T17:16:53","date_gmt":"2023-06-05T15:16:53","guid":{"rendered":"https:\/\/jeromesportsante.fr\/?page_id=59"},"modified":"2023-11-15T19:41:29","modified_gmt":"2023-11-15T18:41:29","slug":"contact","status":"publish","type":"page","link":"https:\/\/jeromesportsante.fr\/index.php\/contact\/","title":{"rendered":"Contact"},"content":{"rendered":"\t\t<div data-elementor-type=\"wp-page\" data-elementor-id=\"59\" class=\"elementor elementor-59\">\n\t\t\t\t\t\t\t\t\t<section class=\"elementor-section elementor-top-section elementor-element elementor-element-075c196 elementor-section-boxed elementor-section-height-default elementor-section-height-default\" data-id=\"075c196\" data-element_type=\"section\">\n\t\t\t\t\t\t\t<div class=\"elementor-background-overlay\"><\/div>\n\t\t\t\t\t\t\t<div class=\"elementor-container elementor-column-gap-default\">\n\t\t\t\t\t<div class=\"elementor-column elementor-col-100 elementor-top-column elementor-element elementor-element-b031f30\" data-id=\"b031f30\" data-element_type=\"column\">\n\t\t\t<div class=\"elementor-widget-wrap elementor-element-populated\">\n\t\t\t\t\t\t\t\t<div class=\"elementor-element elementor-element-4774cd3 elementor-widget elementor-widget-heading\" data-id=\"4774cd3\" data-element_type=\"widget\" data-widget_type=\"heading.default\">\n\t\t\t\t<div class=\"elementor-widget-container\">\n\t\t\t<style>\/*! elementor - v3.13.3 - 28-05-2023 *\/\n.elementor-heading-title{padding:0;margin:0;line-height:1}.elementor-widget-heading .elementor-heading-title[class*=elementor-size-]>a{color:inherit;font-size:inherit;line-height:inherit}.elementor-widget-heading .elementor-heading-title.elementor-size-small{font-size:15px}.elementor-widget-heading .elementor-heading-title.elementor-size-medium{font-size:19px}.elementor-widget-heading .elementor-heading-title.elementor-size-large{font-size:29px}.elementor-widget-heading .elementor-heading-title.elementor-size-xl{font-size:39px}.elementor-widget-heading .elementor-heading-title.elementor-size-xxl{font-size:59px}<\/style><h2 class=\"elementor-heading-title elementor-size-default\"><br>N'h\u00e9sitez pas \u00e0 m'appeler, ou \u00e0 me contacter par sms ou par mail pour m'\u00e9crire quelques mots sur votre projet et vos besoins...sans oublier de me laisser vos coordonn\u00e9es pour que je vous rappelle \ud83d\ude42 <br><br><br>Mon mail : <span style=\"color:#0000CD;\">jeromecoachingsportsant\u00e9@gmail.com <\/span><span><br><br>Mon tel : <span style=\"color:#0000CD;\"> 07 44 88 90 45 <br><br><br><h2 class=\"elementor-heading-title elementor-size-default elementor-inline-editing pen\" data-elementor-setting-key=\"title\" data-pen-placeholder=\"\u00c9crivez ici...\" style=\"font-style: normal;\">A tr\u00e8s vite !<\/h2><br><br><br><br><br><\/span><\/span><\/h2>\t\t<\/div>\n\t\t\t\t<\/div>\n\t\t\t\t\t<\/div>\n\t\t<\/div>\n\t\t\t\t\t\t\t<\/div>\n\t\t<\/section>\n\t\t\t\t\t\t\t<\/div>\n\t\t","protected":false},"excerpt":{"rendered":"<p>N&rsquo;h\u00e9sitez pas \u00e0 m&rsquo;appeler, ou \u00e0 me contacter par sms ou par mail pour m&rsquo;\u00e9crire quelques mots sur votre projet et vos besoins&#8230;sans oublier de me laisser vos coordonn\u00e9es pour que je vous rappelle \ud83d\ude42 Mon mail : jeromecoachingsportsant\u00e9@gmail.com Mon tel : 07 44 88 90 45 A tr\u00e8s vite !<\/p>\n","protected":false},"author":1,"featured_media":0,"parent":0,"menu_order":0,"comment_status":"closed","ping_status":"closed","template":"","meta":{"_uag_custom_page_level_css":"","site-sidebar-layout":"no-sidebar","site-content-layout":"page-builder","ast-global-header-display":"","ast-banner-title-visibility":"","ast-main-header-display":"","ast-hfb-above-header-display":"","ast-hfb-below-header-display":"","ast-hfb-mobile-header-display":"","site-post-title":"disabled","ast-breadcrumbs-content":"","ast-featured-img":"disabled","footer-sml-layout":"","theme-transparent-header-meta":"","adv-header-id-meta":"","stick-header-meta":"","header-above-stick-meta":"","header-main-stick-meta":"","header-below-stick-meta":"","footnotes":""},"uagb_featured_image_src":{"full":false,"thumbnail":false,"medium":false,"medium_large":false,"large":false,"1536x1536":false,"2048x2048":false},"uagb_author_info":{"display_name":"J\u00e9r\u00f4me","author_link":"https:\/\/jeromesportsante.fr\/author\/boy103gmail-com\/"},"uagb_comment_info":0,"uagb_excerpt":"N&rsquo;h\u00e9sitez pas \u00e0 m&rsquo;appeler, ou \u00e0 me contacter par sms ou par mail pour m&rsquo;\u00e9crire quelques mots sur votre projet et vos besoins&#8230;sans oublier de me laisser vos coordonn\u00e9es pour que je vous rappelle \ud83d\ude42 Mon mail : jeromecoachingsportsant\u00e9@gmail.com Mon tel : 07 44 88 90 45 A tr\u00e8s vite !","_links":{"self":[{"href":"https:\/\/jeromesportsante.fr\/index.php\/wp-json\/wp\/v2\/pages\/59"}],"collection":[{"href":"https:\/\/jeromesportsante.fr\/index.php\/wp-json\/wp\/v2\/pages"}],"about":[{"href":"https:\/\/jeromesportsante.fr\/index.php\/wp-json\/wp\/v2\/types\/page"}],"author":[{"embeddable":true,"href":"https:\/\/jeromesportsante.fr\/index.php\/wp-json\/wp\/v2\/users\/1"}],"replies":[{"embeddable":true,"href":"https:\/\/jeromesportsante.fr\/index.php\/wp-json\/wp\/v2\/comments?post=59"}],"version-history":[{"count":67,"href":"https:\/\/jeromesportsante.fr\/index.php\/wp-json\/wp\/v2\/pages\/59\/revisions"}],"predecessor-version":[{"id":1419,"href":"https:\/\/jeromesportsante.fr\/index.php\/wp-json\/wp\/v2\/pages\/59\/revisions\/1419"}],"wp:attachment":[{"href":"https:\/\/jeromesportsante.fr\/index.php\/wp-json\/wp\/v2\/media?parent=59"}],"curies":[{"name":"wp","href":"https:\/\/api.w.org\/{rel}","templated":true}]}}