{"id":775,"date":"2023-07-18T16:00:26","date_gmt":"2023-07-18T14:00:26","guid":{"rendered":"https:\/\/jeromesportsante.fr\/?page_id=775"},"modified":"2024-01-18T16:05:37","modified_gmt":"2024-01-18T15:05:37","slug":"lavance-immediate-quest-ce-que-cest-2","status":"publish","type":"page","link":"https:\/\/jeromesportsante.fr\/index.php\/lavance-immediate-quest-ce-que-cest-2\/","title":{"rendered":"Service \u00e0 la personne et avance imm\u00e9diate au cr\u00e9dit d&rsquo;imp\u00f4t, qu&rsquo;est-ce que c&rsquo;est ?"},"content":{"rendered":"\t\t<div data-elementor-type=\"wp-page\" data-elementor-id=\"775\" class=\"elementor elementor-775\">\n\t\t\t\t\t\t\t\t\t<section class=\"elementor-section elementor-top-section elementor-element elementor-element-df97b65 elementor-section-boxed elementor-section-height-default elementor-section-height-default\" data-id=\"df97b65\" data-element_type=\"section\">\n\t\t\t\t\t\t<div class=\"elementor-container elementor-column-gap-default\">\n\t\t\t\t\t<div class=\"elementor-column elementor-col-100 elementor-top-column elementor-element elementor-element-210f534\" data-id=\"210f534\" data-element_type=\"column\" data-settings=\"{&quot;background_background&quot;:&quot;classic&quot;}\">\n\t\t\t<div class=\"elementor-widget-wrap elementor-element-populated\">\n\t\t\t\t\t\t\t\t<div class=\"elementor-element elementor-element-299473f elementor-widget elementor-widget-image\" data-id=\"299473f\" data-element_type=\"widget\" data-widget_type=\"image.default\">\n\t\t\t\t<div class=\"elementor-widget-container\">\n\t\t\t<style>\/*! elementor - v3.13.3 - 28-05-2023 *\/\n.elementor-widget-image{text-align:center}.elementor-widget-image a{display:inline-block}.elementor-widget-image a img[src$=\".svg\"]{width:48px}.elementor-widget-image img{vertical-align:middle;display:inline-block}<\/style>\t\t\t\t\t\t\t\t\t\t\t\t<img decoding=\"async\" loading=\"lazy\" width=\"1024\" height=\"108\" src=\"https:\/\/jeromesportsante.fr\/wp-content\/uploads\/2024\/01\/logo-groupe-1024x108.png\" class=\"attachment-large size-large wp-image-1499\" alt=\"\" srcset=\"https:\/\/jeromesportsante.fr\/wp-content\/uploads\/2024\/01\/logo-groupe-1024x108.png 1024w, https:\/\/jeromesportsante.fr\/wp-content\/uploads\/2024\/01\/logo-groupe-300x32.png 300w, https:\/\/jeromesportsante.fr\/wp-content\/uploads\/2024\/01\/logo-groupe-768x81.png 768w, https:\/\/jeromesportsante.fr\/wp-content\/uploads\/2024\/01\/logo-groupe.png 1536w\" sizes=\"(max-width: 1024px) 100vw, 1024px\" \/>\t\t\t\t\t\t\t\t\t\t\t\t\t\t\t<\/div>\n\t\t\t\t<\/div>\n\t\t\t\t\t<\/div>\n\t\t<\/div>\n\t\t\t\t\t\t\t<\/div>\n\t\t<\/section>\n\t\t\t\t<section class=\"elementor-section elementor-top-section elementor-element elementor-element-6a979d7 elementor-section-boxed elementor-section-height-default elementor-section-height-default\" data-id=\"6a979d7\" data-element_type=\"section\">\n\t\t\t\t\t\t<div class=\"elementor-container elementor-column-gap-default\">\n\t\t\t\t\t<div class=\"elementor-column elementor-col-50 elementor-top-column elementor-element elementor-element-7168fb4\" data-id=\"7168fb4\" data-element_type=\"column\" data-settings=\"{&quot;background_background&quot;:&quot;classic&quot;}\">\n\t\t\t<div class=\"elementor-widget-wrap elementor-element-populated\">\n\t\t\t\t\t\t\t\t<div class=\"elementor-element elementor-element-30c5fbf elementor-widget elementor-widget-text-editor\" data-id=\"30c5fbf\" data-element_type=\"widget\" data-widget_type=\"text-editor.default\">\n\t\t\t\t<div class=\"elementor-widget-container\">\n\t\t\t<style>\/*! elementor - v3.13.3 - 28-05-2023 *\/\n.elementor-widget-text-editor.elementor-drop-cap-view-stacked .elementor-drop-cap{background-color:#69727d;color:#fff}.elementor-widget-text-editor.elementor-drop-cap-view-framed .elementor-drop-cap{color:#69727d;border:3px solid;background-color:transparent}.elementor-widget-text-editor:not(.elementor-drop-cap-view-default) .elementor-drop-cap{margin-top:8px}.elementor-widget-text-editor:not(.elementor-drop-cap-view-default) .elementor-drop-cap-letter{width:1em;height:1em}.elementor-widget-text-editor .elementor-drop-cap{float:left;text-align:center;line-height:1;font-size:50px}.elementor-widget-text-editor .elementor-drop-cap-letter{display:inline-block}<\/style>\t\t\t\t<p>Le coaching sportif est une activit\u00e9 \u00e9ligible au service \u00e0 la personne (SAP). Cela vous permet de b\u00e9n\u00e9ficier d&rsquo;une d\u00e9fiscalisation de 50% sur vos imp\u00f4ts,&nbsp;<strong>\u00e0 condition que l&rsquo;activit\u00e9 soit exerc\u00e9e \u00e0 domicile et de mani\u00e8re individuelle.<\/strong><\/p>\n<p>Le service <b>avance imm\u00e9diate<\/b> est un service mis en place par <b>l&rsquo;URSSAF et la Direction G\u00e9n\u00e9rale des Finances publiques.<\/b><\/p>\n<p><u>L&rsquo;avance imm\u00e9diate au cr\u00e9dit d&rsquo;imp\u00f4t en 3 points essentiels :<\/u><\/p>\n<p><b>Point 1 : 50% de d\u00e9duction imm\u00e9diate<\/b><\/p>\n<p><b>L\u2019<\/b>avance Imm\u00e9diate&nbsp;au cr\u00e9dit d\u2019imp\u00f4t est un service <b><i>optionnel<\/i> <\/b>et <i><b>gratuit<\/b><\/i><b> <\/b>qui permet la d\u00e9duction imm\u00e9diate de 50% de cr\u00e9dit d&rsquo;imp\u00f4ts lors du r\u00e8glement de votre facture \u00e0 votre organisme prestataire de service Coaching Sport Sant\u00e9.<\/p>\n<p>Exemple :&nbsp; pour une d\u00e9pense de 5 s\u00e9ances \u00e0 200 \u20ac, l&rsquo;URSSAF pr\u00e9l\u00e8ve 100 \u20ac de reste \u00e0 charge. Il vous est ainsi imm\u00e9diatement d\u00e9duit 50% des 200 \u20ac sur votre facture. Vous ne payez donc que 100 \u20ac.<\/p>\n<p><b>Point 2 : qui y a droit ?<\/b><\/p>\n<p style=\"mso-margin-top-alt: auto; mso-margin-bottom-alt: auto; line-height: normal;\">Pour \u00eatre \u00e9ligible au cr\u00e9dit d&rsquo;imp\u00f4t, il faut :<\/p>\n<ul type=\"disc\">\n<li style=\"mso-margin-top-alt: auto; mso-margin-bottom-alt: auto; line-height: normal; mso-list: l0 level1 lfo1; tab-stops: list 36.0pt;\">Poss\u00e9der une adresse sur le territoire fran\u00e7ais<\/li>\n<li style=\"mso-margin-top-alt: auto; mso-margin-bottom-alt: auto; line-height: normal; mso-list: l0 level1 lfo1; tab-stops: list 36.0pt;\">Appartenir \u00e0 un foyer fiscal ayant d\u00e9j\u00e0 fait une d\u00e9claration de revenus<\/li>\n<li style=\"mso-margin-top-alt: auto; mso-margin-bottom-alt: auto; line-height: normal; mso-list: l0 level1 lfo1; tab-stops: list 36.0pt;\">\u00catre \u00e0 jour dans ses obligations de d\u00e9clarations, paiement au titre des imp\u00f4ts sur le revenu et cotisations sociales<\/li>\n<li style=\"mso-margin-top-alt: auto; mso-margin-bottom-alt: auto; line-height: normal; mso-list: l0 level1 lfo1; tab-stops: list 36.0pt;\">Ne pas b\u00e9n\u00e9ficier d&rsquo;une prise en charge par un tiers (b\u00e9n\u00e9ficiaire de l&rsquo;allocation personnalis\u00e9e, de la prestation de compensation du handicap, de titres sp\u00e9ciaux de paiement)<\/li>\n<\/ul>\n<div>&nbsp;<\/div>\n<div>\n<p style=\"mso-margin-top-alt: auto; mso-margin-bottom-alt: auto; line-height: normal;\"><b>Point 3&nbsp;: je suis \u00e9ligible ! Comment faire&nbsp;?<\/b><\/p>\n<p style=\"mso-margin-top-alt: auto; mso-margin-bottom-alt: auto; line-height: normal;\">Si vous \u00eates \u00e9ligible et que vous souhaitez b\u00e9n\u00e9ficier de ce service, Coaching Sport Sant\u00e9 proc\u00e8de \u00e0 votre inscription sur le site de l\u2019URSSAF, qui v\u00e9rifie deux \u00e9l\u00e9ments :<\/p>\n<ol start=\"1\" type=\"1\">\n<li style=\"mso-margin-top-alt: auto; mso-margin-bottom-alt: auto; line-height: normal; mso-list: l0 level1 lfo1; tab-stops: list 36.0pt;\">&nbsp;L&rsquo;existence d&rsquo;un num\u00e9ro fiscal associ\u00e9 \u00e0 votre \u00e9tat civil<\/li>\n<li style=\"mso-margin-top-alt: auto; mso-margin-bottom-alt: auto; line-height: normal; mso-list: l0 level1 lfo1; tab-stops: list 36.0pt;\">&nbsp;Que vous avez d\u00e9j\u00e0 r\u00e9alis\u00e9 une d\u00e9claration de revenus<\/li>\n<\/ol>\n<p style=\"mso-margin-top-alt: auto; mso-margin-bottom-alt: auto; line-height: normal;\">Si ces deux conditions sont remplies, vous recevez un mail de l&rsquo;URSSAF vous invitant \u00e0 activer votre compte personnel sur <b>https:\/\/particulier.urssaf.fr&nbsp;<\/b><\/p>\n<p style=\"mso-margin-top-alt: auto; mso-margin-bottom-alt: auto; line-height: normal;\">C&rsquo;est sur ce site de l&rsquo;URSSAF que Coaching Sport Sant\u00e9 vous adresse les demandes de paiement suite aux prestations r\u00e9alis\u00e9es \u00e0 domicile.<\/p>\n<p style=\"mso-margin-top-alt: auto; mso-margin-bottom-alt: auto; line-height: normal;\">Vous avez un d\u00e9lai de 48h pour la valider ou pour la refuser. Une fois ce d\u00e9lai pass\u00e9, la demande de paiement est automatiquement valid\u00e9e. L&rsquo;<b>URSSAF pr\u00e9l\u00e8ve le montant du reste \u00e0 charge sur votre compte<\/b> bancaire<b> 2 jours ouvr\u00e9s apr\u00e8s la validation de la demande de paiement<\/b> et verse l&rsquo;int\u00e9gralit\u00e9 du montant des prestations dues \u00e0 votre coach 4 jours ouvr\u00e9s apr\u00e8s la validation de la demande de paiement.<\/p>\n<p style=\"mso-margin-top-alt: auto; mso-margin-bottom-alt: auto; line-height: normal;\"><span style=\"font-style: inherit; font-weight: inherit; color: var( --e-global-color-c3ca5a9 ); background-color: var( --e-global-color-644da5b );\">Aussi, vous pouvez \u00e0 tout moment depuis votre compte en ligne visualiser en toute simplicit\u00e9 le cr\u00e9dit d&rsquo;imp\u00f4t consomm\u00e9 ainsi que le montant restant disponible pour l&rsquo;ann\u00e9e en cours.<\/span><\/p>\n<p style=\"mso-margin-top-alt: auto; mso-margin-bottom-alt: auto; line-height: normal;\"><b>Si vous avez des questions sur ce service, votre interlocuteur est votre organisme de service \u00e0 la personne (Coaching Sport Sant\u00e9). <\/b>Vous pouvez me contacter au<b> 07 44 88 90 45<\/b> ou par mail \u00e0 :<b> coachingsportsantejerome@gmail.com<\/b><\/p>\n<p style=\"mso-margin-top-alt: auto; mso-margin-bottom-alt: auto; line-height: normal;\">Pour consulter la page d&rsquo;information des plafonds de cr\u00e9dit d&rsquo;imp\u00f4t<b> <\/b>cliquez ici :<b>&nbsp;<a href=\"https:\/\/www.impots.gouv.fr\/particulier\/emploi-domicile\" target=\"_blank\" rel=\"noopener\">https:\/\/www.impots.gouv.fr\/particulier\/emploi-domicile<\/a><\/b><\/p>\n<p style=\"margin-bottom: 19.2pt; line-height: normal; background-image: initial; background-position: initial; background-size: initial; background-repeat: initial; background-attachment: initial; background-origin: initial; background-clip: initial;\">\n<\/p><\/div>\t\t\t\t\t\t<\/div>\n\t\t\t\t<\/div>\n\t\t\t\t\t<\/div>\n\t\t<\/div>\n\t\t\t\t<div class=\"elementor-column elementor-col-50 elementor-top-column elementor-element elementor-element-47e431e\" data-id=\"47e431e\" data-element_type=\"column\" data-settings=\"{&quot;background_background&quot;:&quot;classic&quot;}\">\n\t\t\t<div class=\"elementor-widget-wrap elementor-element-populated\">\n\t\t\t\t\t\t\t\t<div class=\"elementor-element elementor-element-87fbdd4 elementor-widget elementor-widget-image\" data-id=\"87fbdd4\" data-element_type=\"widget\" data-widget_type=\"image.default\">\n\t\t\t\t<div class=\"elementor-widget-container\">\n\t\t\t\t\t\t\t\t\t\t\t\t\t\t\t<img decoding=\"async\" loading=\"lazy\" width=\"1280\" height=\"853\" src=\"https:\/\/jeromesportsante.fr\/wp-content\/uploads\/2023\/08\/running-woman-race-4782722.jpg\" class=\"attachment-full size-full wp-image-975\" alt=\"running, woman, race-4782722.jpg\" srcset=\"https:\/\/jeromesportsante.fr\/wp-content\/uploads\/2023\/08\/running-woman-race-4782722.jpg 1280w, https:\/\/jeromesportsante.fr\/wp-content\/uploads\/2023\/08\/running-woman-race-4782722-300x200.jpg 300w, https:\/\/jeromesportsante.fr\/wp-content\/uploads\/2023\/08\/running-woman-race-4782722-1024x682.jpg 1024w, https:\/\/jeromesportsante.fr\/wp-content\/uploads\/2023\/08\/running-woman-race-4782722-768x512.jpg 768w\" sizes=\"(max-width: 1280px) 100vw, 1280px\" \/>\t\t\t\t\t\t\t\t\t\t\t\t\t\t\t<\/div>\n\t\t\t\t<\/div>\n\t\t\t\t<div class=\"elementor-element elementor-element-63faab6 elementor-widget elementor-widget-image\" data-id=\"63faab6\" data-element_type=\"widget\" data-widget_type=\"image.default\">\n\t\t\t\t<div class=\"elementor-widget-container\">\n\t\t\t\t\t\t\t\t\t\t\t\t\t\t\t<img decoding=\"async\" loading=\"lazy\" width=\"1024\" height=\"576\" src=\"https:\/\/jeromesportsante.fr\/wp-content\/uploads\/2024\/01\/Visuel-1920x1080-personnalisable-1024x576.jpg\" class=\"attachment-large size-large wp-image-1496\" alt=\"\" srcset=\"https:\/\/jeromesportsante.fr\/wp-content\/uploads\/2024\/01\/Visuel-1920x1080-personnalisable-1024x576.jpg 1024w, https:\/\/jeromesportsante.fr\/wp-content\/uploads\/2024\/01\/Visuel-1920x1080-personnalisable-300x169.jpg 300w, https:\/\/jeromesportsante.fr\/wp-content\/uploads\/2024\/01\/Visuel-1920x1080-personnalisable-768x432.jpg 768w, https:\/\/jeromesportsante.fr\/wp-content\/uploads\/2024\/01\/Visuel-1920x1080-personnalisable-1536x864.jpg 1536w, https:\/\/jeromesportsante.fr\/wp-content\/uploads\/2024\/01\/Visuel-1920x1080-personnalisable-2048x1152.jpg 2048w\" sizes=\"(max-width: 1024px) 100vw, 1024px\" \/>\t\t\t\t\t\t\t\t\t\t\t\t\t\t\t<\/div>\n\t\t\t\t<\/div>\n\t\t\t\t\t<\/div>\n\t\t<\/div>\n\t\t\t\t\t\t\t<\/div>\n\t\t<\/section>\n\t\t\t\t\t\t\t<\/div>\n\t\t","protected":false},"excerpt":{"rendered":"<p>Le coaching sportif est une activit\u00e9 \u00e9ligible au service \u00e0 la personne (SAP). Cela vous permet de b\u00e9n\u00e9ficier d&rsquo;une d\u00e9fiscalisation de 50% sur vos imp\u00f4ts,&nbsp;\u00e0 condition que l&rsquo;activit\u00e9 soit exerc\u00e9e \u00e0 domicile et de mani\u00e8re individuelle. Le service avance imm\u00e9diate est un service mis en place par l&rsquo;URSSAF et la Direction G\u00e9n\u00e9rale des Finances publiques. &hellip;<\/p>\n<p class=\"read-more\"> <a class=\"\" href=\"https:\/\/jeromesportsante.fr\/index.php\/lavance-immediate-quest-ce-que-cest-2\/\"> <span class=\"screen-reader-text\">Service \u00e0 la personne et avance imm\u00e9diate au cr\u00e9dit d&rsquo;imp\u00f4t, qu&rsquo;est-ce que c&rsquo;est ?<\/span> Lire la suite\u00a0\u00bb<\/a><\/p>\n","protected":false},"author":1,"featured_media":0,"parent":0,"menu_order":0,"comment_status":"closed","ping_status":"closed","template":"","meta":{"_uag_custom_page_level_css":"","site-sidebar-layout":"no-sidebar","site-content-layout":"page-builder","ast-global-header-display":"","ast-banner-title-visibility":"","ast-main-header-display":"","ast-hfb-above-header-display":"","ast-hfb-below-header-display":"","ast-hfb-mobile-header-display":"","site-post-title":"disabled","ast-breadcrumbs-content":"","ast-featured-img":"disabled","footer-sml-layout":"","theme-transparent-header-meta":"","adv-header-id-meta":"","stick-header-meta":"","header-above-stick-meta":"","header-main-stick-meta":"","header-below-stick-meta":"","footnotes":""},"uagb_featured_image_src":{"full":false,"thumbnail":false,"medium":false,"medium_large":false,"large":false,"1536x1536":false,"2048x2048":false},"uagb_author_info":{"display_name":"J\u00e9r\u00f4me","author_link":"https:\/\/jeromesportsante.fr\/author\/boy103gmail-com\/"},"uagb_comment_info":0,"uagb_excerpt":"Le coaching sportif est une activit\u00e9 \u00e9ligible au service \u00e0 la personne (SAP). Cela vous permet de b\u00e9n\u00e9ficier d&rsquo;une d\u00e9fiscalisation de 50% sur vos imp\u00f4ts,&nbsp;\u00e0 condition que l&rsquo;activit\u00e9 soit exerc\u00e9e \u00e0 domicile et de mani\u00e8re individuelle. Le service avance imm\u00e9diate est un service mis en place par l&rsquo;URSSAF et la Direction G\u00e9n\u00e9rale des Finances publiques.\u2026","_links":{"self":[{"href":"https:\/\/jeromesportsante.fr\/index.php\/wp-json\/wp\/v2\/pages\/775"}],"collection":[{"href":"https:\/\/jeromesportsante.fr\/index.php\/wp-json\/wp\/v2\/pages"}],"about":[{"href":"https:\/\/jeromesportsante.fr\/index.php\/wp-json\/wp\/v2\/types\/page"}],"author":[{"embeddable":true,"href":"https:\/\/jeromesportsante.fr\/index.php\/wp-json\/wp\/v2\/users\/1"}],"replies":[{"embeddable":true,"href":"https:\/\/jeromesportsante.fr\/index.php\/wp-json\/wp\/v2\/comments?post=775"}],"version-history":[{"count":98,"href":"https:\/\/jeromesportsante.fr\/index.php\/wp-json\/wp\/v2\/pages\/775\/revisions"}],"predecessor-version":[{"id":1525,"href":"https:\/\/jeromesportsante.fr\/index.php\/wp-json\/wp\/v2\/pages\/775\/revisions\/1525"}],"wp:attachment":[{"href":"https:\/\/jeromesportsante.fr\/index.php\/wp-json\/wp\/v2\/media?parent=775"}],"curies":[{"name":"wp","href":"https:\/\/api.w.org\/{rel}","templated":true}]}}